{"id":52,"date":"2024-06-20T15:31:05","date_gmt":"2024-06-20T15:31:05","guid":{"rendered":"https:\/\/fefmoveis.celeumasandbox.pt\/?page_id=52"},"modified":"2025-06-04T14:18:19","modified_gmt":"2025-06-04T14:18:19","slug":"produtos","status":"publish","type":"page","link":"https:\/\/fefmoveis.celeumasandbox.pt\/fr\/produtos\/","title":{"rendered":"Produits"},"content":{"rendered":"<p>Nous proposons une <strong>large gamme<\/strong> de produits en <strong>bois<\/strong> et d\u00e9riv\u00e9s, pr\u00eats \u00e0 \u00eatre install\u00e9s et adaptables \u00e0 diff\u00e9rents espaces et styles. Toutes nos solutions refl\u00e8tent notre engagement \u00e0 <strong>qualit\u00e9, fonctionnalit\u00e9<\/strong> et <strong>la conception,<\/strong> garantissant la durabilit\u00e9 et la satisfaction de nos clients.<\/p>","protected":false},"excerpt":{"rendered":"<p>Oferecemos uma ampla gama de produtos em madeira e derivados, prontos a instalar e adapt\u00e1veis a diferentes espa\u00e7os e estilos. Todas as solu\u00e7\u00f5es refletem o nosso compromisso com a qualidade, funcionalidade e design, garantindo durabilidade e satisfa\u00e7\u00e3o aos nossos clientes.<\/p>","protected":false},"author":1,"featured_media":0,"parent":0,"menu_order":0,"comment_status":"closed","ping_status":"closed","template":"page-artigos.php","meta":{"_acf_changed":false,"footnotes":""},"class_list":["post-52","page","type-page","status-publish","hentry"],"acf":[],"yoast_head":"<!-- This site is optimized with the Yoast SEO plugin v25.2 - https:\/\/yoast.com\/wordpress\/plugins\/seo\/ -->\n<title>Produtos - F &amp; F<\/title>\n<meta name=\"robots\" content=\"noindex, follow, max-snippet:-1, max-image-preview:large, max-video-preview:-1\" \/>\n<meta property=\"og:locale\" content=\"fr_FR\" \/>\n<meta property=\"og:type\" content=\"article\" \/>\n<meta property=\"og:title\" content=\"Produtos - F &amp; F\" \/>\n<meta property=\"og:description\" content=\"Oferecemos uma ampla gama de produtos em madeira e derivados, prontos a instalar e adapt\u00e1veis a diferentes espa\u00e7os e estilos. Todas as solu\u00e7\u00f5es refletem o nosso compromisso com a qualidade, funcionalidade e design, garantindo durabilidade e satisfa\u00e7\u00e3o aos nossos clientes.\" \/>\n<meta property=\"og:url\" content=\"https:\/\/fefmoveis.celeumasandbox.pt\/fr\/produtos\/\" \/>\n<meta property=\"og:site_name\" content=\"F &amp; F\" \/>\n<meta property=\"article:modified_time\" content=\"2025-06-04T14:18:19+00:00\" \/>\n<meta name=\"twitter:card\" content=\"summary_large_image\" \/>\n<meta name=\"twitter:label1\" content=\"Dur\u00e9e de lecture estim\u00e9e\" \/>\n\t<meta name=\"twitter:data1\" content=\"1 minute\" \/>\n<script type=\"application\/ld+json\" class=\"yoast-schema-graph\">{\"@context\":\"https:\/\/schema.org\",\"@graph\":[{\"@type\":\"WebPage\",\"@id\":\"https:\/\/fefmoveis.celeumasandbox.pt\/produtos\/\",\"url\":\"https:\/\/fefmoveis.celeumasandbox.pt\/produtos\/\",\"name\":\"Produtos - F &amp; F\",\"isPartOf\":{\"@id\":\"https:\/\/fefmoveis.celeumasandbox.pt\/#website\"},\"datePublished\":\"2024-06-20T15:31:05+00:00\",\"dateModified\":\"2025-06-04T14:18:19+00:00\",\"breadcrumb\":{\"@id\":\"https:\/\/fefmoveis.celeumasandbox.pt\/produtos\/#breadcrumb\"},\"inLanguage\":\"fr-FR\",\"potentialAction\":[{\"@type\":\"ReadAction\",\"target\":[\"https:\/\/fefmoveis.celeumasandbox.pt\/produtos\/\"]}]},{\"@type\":\"BreadcrumbList\",\"@id\":\"https:\/\/fefmoveis.celeumasandbox.pt\/produtos\/#breadcrumb\",\"itemListElement\":[{\"@type\":\"ListItem\",\"position\":1,\"name\":\"In\u00edcio\",\"item\":\"https:\/\/fefmoveis.celeumasandbox.pt\/\"},{\"@type\":\"ListItem\",\"position\":2,\"name\":\"Produtos\"}]},{\"@type\":\"WebSite\",\"@id\":\"https:\/\/fefmoveis.celeumasandbox.pt\/#website\",\"url\":\"https:\/\/fefmoveis.celeumasandbox.pt\/\",\"name\":\"F &amp; F\",\"description\":\"M\u00f3veis e Interiores\",\"publisher\":{\"@id\":\"https:\/\/fefmoveis.celeumasandbox.pt\/#organization\"},\"potentialAction\":[{\"@type\":\"SearchAction\",\"target\":{\"@type\":\"EntryPoint\",\"urlTemplate\":\"https:\/\/fefmoveis.celeumasandbox.pt\/?s={search_term_string}\"},\"query-input\":{\"@type\":\"PropertyValueSpecification\",\"valueRequired\":true,\"valueName\":\"search_term_string\"}}],\"inLanguage\":\"fr-FR\"},{\"@type\":\"Organization\",\"@id\":\"https:\/\/fefmoveis.celeumasandbox.pt\/#organization\",\"name\":\"F &amp; F\",\"url\":\"https:\/\/fefmoveis.celeumasandbox.pt\/\",\"logo\":{\"@type\":\"ImageObject\",\"inLanguage\":\"fr-FR\",\"@id\":\"https:\/\/fefmoveis.celeumasandbox.pt\/#\/schema\/logo\/image\/\",\"url\":\"https:\/\/fefmoveis.celeumasandbox.pt\/wp-content\/uploads\/2025\/06\/cropped-Logotipo-scaled-1.jpg\",\"contentUrl\":\"https:\/\/fefmoveis.celeumasandbox.pt\/wp-content\/uploads\/2025\/06\/cropped-Logotipo-scaled-1.jpg\",\"width\":1812,\"height\":2240,\"caption\":\"F &amp; F\"},\"image\":{\"@id\":\"https:\/\/fefmoveis.celeumasandbox.pt\/#\/schema\/logo\/image\/\"}}]}<\/script>\n<!-- \/ Yoast SEO plugin. -->","yoast_head_json":{"title":"Produtos - F &amp; F","robots":{"index":"noindex","follow":"follow","max-snippet":"max-snippet:-1","max-image-preview":"max-image-preview:large","max-video-preview":"max-video-preview:-1"},"og_locale":"fr_FR","og_type":"article","og_title":"Produtos - F &amp; F","og_description":"Oferecemos uma ampla gama de produtos em madeira e derivados, prontos a instalar e adapt\u00e1veis a diferentes espa\u00e7os e estilos. Todas as solu\u00e7\u00f5es refletem o nosso compromisso com a qualidade, funcionalidade e design, garantindo durabilidade e satisfa\u00e7\u00e3o aos nossos clientes.","og_url":"https:\/\/fefmoveis.celeumasandbox.pt\/fr\/produtos\/","og_site_name":"F &amp; F","article_modified_time":"2025-06-04T14:18:19+00:00","twitter_card":"summary_large_image","twitter_misc":{"Dur\u00e9e de lecture estim\u00e9e":"1 minute"},"schema":{"@context":"https:\/\/schema.org","@graph":[{"@type":"WebPage","@id":"https:\/\/fefmoveis.celeumasandbox.pt\/produtos\/","url":"https:\/\/fefmoveis.celeumasandbox.pt\/produtos\/","name":"Produtos - F &amp; F","isPartOf":{"@id":"https:\/\/fefmoveis.celeumasandbox.pt\/#website"},"datePublished":"2024-06-20T15:31:05+00:00","dateModified":"2025-06-04T14:18:19+00:00","breadcrumb":{"@id":"https:\/\/fefmoveis.celeumasandbox.pt\/produtos\/#breadcrumb"},"inLanguage":"fr-FR","potentialAction":[{"@type":"ReadAction","target":["https:\/\/fefmoveis.celeumasandbox.pt\/produtos\/"]}]},{"@type":"BreadcrumbList","@id":"https:\/\/fefmoveis.celeumasandbox.pt\/produtos\/#breadcrumb","itemListElement":[{"@type":"ListItem","position":1,"name":"In\u00edcio","item":"https:\/\/fefmoveis.celeumasandbox.pt\/"},{"@type":"ListItem","position":2,"name":"Produtos"}]},{"@type":"WebSite","@id":"https:\/\/fefmoveis.celeumasandbox.pt\/#website","url":"https:\/\/fefmoveis.celeumasandbox.pt\/","name":"F &amp; F","description":"M\u00f3veis e Interiores","publisher":{"@id":"https:\/\/fefmoveis.celeumasandbox.pt\/#organization"},"potentialAction":[{"@type":"SearchAction","target":{"@type":"EntryPoint","urlTemplate":"https:\/\/fefmoveis.celeumasandbox.pt\/?s={search_term_string}"},"query-input":{"@type":"PropertyValueSpecification","valueRequired":true,"valueName":"search_term_string"}}],"inLanguage":"fr-FR"},{"@type":"Organization","@id":"https:\/\/fefmoveis.celeumasandbox.pt\/#organization","name":"F &amp; F","url":"https:\/\/fefmoveis.celeumasandbox.pt\/","logo":{"@type":"ImageObject","inLanguage":"fr-FR","@id":"https:\/\/fefmoveis.celeumasandbox.pt\/#\/schema\/logo\/image\/","url":"https:\/\/fefmoveis.celeumasandbox.pt\/wp-content\/uploads\/2025\/06\/cropped-Logotipo-scaled-1.jpg","contentUrl":"https:\/\/fefmoveis.celeumasandbox.pt\/wp-content\/uploads\/2025\/06\/cropped-Logotipo-scaled-1.jpg","width":1812,"height":2240,"caption":"F &amp; F"},"image":{"@id":"https:\/\/fefmoveis.celeumasandbox.pt\/#\/schema\/logo\/image\/"}}]}},"_links":{"self":[{"href":"https:\/\/fefmoveis.celeumasandbox.pt\/fr\/wp-json\/wp\/v2\/pages\/52","targetHints":{"allow":["GET"]}}],"collection":[{"href":"https:\/\/fefmoveis.celeumasandbox.pt\/fr\/wp-json\/wp\/v2\/pages"}],"about":[{"href":"https:\/\/fefmoveis.celeumasandbox.pt\/fr\/wp-json\/wp\/v2\/types\/page"}],"author":[{"embeddable":true,"href":"https:\/\/fefmoveis.celeumasandbox.pt\/fr\/wp-json\/wp\/v2\/users\/1"}],"replies":[{"embeddable":true,"href":"https:\/\/fefmoveis.celeumasandbox.pt\/fr\/wp-json\/wp\/v2\/comments?post=52"}],"version-history":[{"count":57,"href":"https:\/\/fefmoveis.celeumasandbox.pt\/fr\/wp-json\/wp\/v2\/pages\/52\/revisions"}],"predecessor-version":[{"id":1748,"href":"https:\/\/fefmoveis.celeumasandbox.pt\/fr\/wp-json\/wp\/v2\/pages\/52\/revisions\/1748"}],"wp:attachment":[{"href":"https:\/\/fefmoveis.celeumasandbox.pt\/fr\/wp-json\/wp\/v2\/media?parent=52"}],"curies":[{"name":"wp","href":"https:\/\/api.w.org\/{rel}","templated":true}]}}