{"id":34,"date":"2024-06-20T13:25:49","date_gmt":"2024-06-20T13:25:49","guid":{"rendered":"https:\/\/fefmoveis.celeumasandbox.pt\/?page_id=34"},"modified":"2025-06-06T09:12:52","modified_gmt":"2025-06-06T09:12:52","slug":"contactos","status":"publish","type":"page","link":"https:\/\/fefmoveis.celeumasandbox.pt\/fr\/contactos\/","title":{"rendered":"Contact"},"content":{"rendered":"<p><strong>Adresse<br \/>\n<\/strong><a href=\"https:\/\/maps.app.goo.gl\/sbSs8jaXLvxfFKKD9\">Rue Augusto Moreira N100<br \/>\n3650-211 Vila Nova de Paiva<\/a><\/p>\n<p><strong>Contact<br \/>\n<\/strong><a href=\"mailto:fefmoveis@hotmail.com\" target=\"_blank\" rel=\"noopener\">fefmoveis@hotmail.com<\/a><br \/>\n<a href=\"tel:+351933560867\" target=\"_blank\" rel=\"noopener\">(+351) 933 560 867<\/a><br \/>\n<span style=\"font-size: 10pt;\">*Co\u00fbt de l'appel vers le r\u00e9seau mobile national.<\/span><strong><br \/>\n<\/strong><\/p>\n<p><strong>Heures d'ouverture<br \/>\n<\/strong>Du lundi au vendredi de 9h \u00e0 12h et de 14h \u00e0 19h<\/p>","protected":false},"excerpt":{"rendered":"<p>Morada Rua Augusto Moreira N100 3650-211 Vila Nova de Paiva Contactos fefmoveis@hotmail.com (+351) 933 560 867 *Custo de chamada para rede m\u00f3vel nacional. Hor\u00e1rio de Funcionamento Seg a Sex das 09h \u00e0s 12h e das 14h \u00e0s 19h<\/p>","protected":false},"author":1,"featured_media":0,"parent":0,"menu_order":0,"comment_status":"closed","ping_status":"closed","template":"page-contactos.php","meta":{"_acf_changed":false,"footnotes":""},"class_list":["post-34","page","type-page","status-publish","hentry"],"acf":[],"yoast_head":"<!-- This site is optimized with the Yoast SEO plugin v25.2 - https:\/\/yoast.com\/wordpress\/plugins\/seo\/ -->\n<title>Contactos - F &amp; F<\/title>\n<meta name=\"robots\" content=\"noindex, follow, max-snippet:-1, max-image-preview:large, max-video-preview:-1\" \/>\n<meta property=\"og:locale\" content=\"fr_FR\" \/>\n<meta property=\"og:type\" content=\"article\" \/>\n<meta property=\"og:title\" content=\"Contactos - F &amp; F\" \/>\n<meta property=\"og:description\" content=\"Morada Rua Augusto Moreira N100 3650-211 Vila Nova de Paiva Contactos fefmoveis@hotmail.com (+351) 933 560 867 *Custo de chamada para rede m\u00f3vel nacional. Hor\u00e1rio de Funcionamento Seg a Sex das 09h \u00e0s 12h e das 14h \u00e0s 19h\" \/>\n<meta property=\"og:url\" content=\"https:\/\/fefmoveis.celeumasandbox.pt\/fr\/contactos\/\" \/>\n<meta property=\"og:site_name\" content=\"F &amp; F\" \/>\n<meta property=\"article:modified_time\" content=\"2025-06-06T09:12:52+00:00\" \/>\n<meta name=\"twitter:card\" content=\"summary_large_image\" \/>\n<meta name=\"twitter:label1\" content=\"Dur\u00e9e de lecture estim\u00e9e\" \/>\n\t<meta name=\"twitter:data1\" content=\"1 minute\" \/>\n<script type=\"application\/ld+json\" class=\"yoast-schema-graph\">{\"@context\":\"https:\/\/schema.org\",\"@graph\":[{\"@type\":\"WebPage\",\"@id\":\"https:\/\/fefmoveis.celeumasandbox.pt\/contactos\/\",\"url\":\"https:\/\/fefmoveis.celeumasandbox.pt\/contactos\/\",\"name\":\"Contactos - F &amp; F\",\"isPartOf\":{\"@id\":\"https:\/\/fefmoveis.celeumasandbox.pt\/#website\"},\"datePublished\":\"2024-06-20T13:25:49+00:00\",\"dateModified\":\"2025-06-06T09:12:52+00:00\",\"breadcrumb\":{\"@id\":\"https:\/\/fefmoveis.celeumasandbox.pt\/contactos\/#breadcrumb\"},\"inLanguage\":\"fr-FR\",\"potentialAction\":[{\"@type\":\"ReadAction\",\"target\":[\"https:\/\/fefmoveis.celeumasandbox.pt\/contactos\/\"]}]},{\"@type\":\"BreadcrumbList\",\"@id\":\"https:\/\/fefmoveis.celeumasandbox.pt\/contactos\/#breadcrumb\",\"itemListElement\":[{\"@type\":\"ListItem\",\"position\":1,\"name\":\"In\u00edcio\",\"item\":\"https:\/\/fefmoveis.celeumasandbox.pt\/\"},{\"@type\":\"ListItem\",\"position\":2,\"name\":\"Contactos\"}]},{\"@type\":\"WebSite\",\"@id\":\"https:\/\/fefmoveis.celeumasandbox.pt\/#website\",\"url\":\"https:\/\/fefmoveis.celeumasandbox.pt\/\",\"name\":\"F &amp; F\",\"description\":\"M\u00f3veis e Interiores\",\"publisher\":{\"@id\":\"https:\/\/fefmoveis.celeumasandbox.pt\/#organization\"},\"potentialAction\":[{\"@type\":\"SearchAction\",\"target\":{\"@type\":\"EntryPoint\",\"urlTemplate\":\"https:\/\/fefmoveis.celeumasandbox.pt\/?s={search_term_string}\"},\"query-input\":{\"@type\":\"PropertyValueSpecification\",\"valueRequired\":true,\"valueName\":\"search_term_string\"}}],\"inLanguage\":\"fr-FR\"},{\"@type\":\"Organization\",\"@id\":\"https:\/\/fefmoveis.celeumasandbox.pt\/#organization\",\"name\":\"F &amp; F\",\"url\":\"https:\/\/fefmoveis.celeumasandbox.pt\/\",\"logo\":{\"@type\":\"ImageObject\",\"inLanguage\":\"fr-FR\",\"@id\":\"https:\/\/fefmoveis.celeumasandbox.pt\/#\/schema\/logo\/image\/\",\"url\":\"https:\/\/fefmoveis.celeumasandbox.pt\/wp-content\/uploads\/2025\/06\/cropped-Logotipo-scaled-1.jpg\",\"contentUrl\":\"https:\/\/fefmoveis.celeumasandbox.pt\/wp-content\/uploads\/2025\/06\/cropped-Logotipo-scaled-1.jpg\",\"width\":1812,\"height\":2240,\"caption\":\"F &amp; F\"},\"image\":{\"@id\":\"https:\/\/fefmoveis.celeumasandbox.pt\/#\/schema\/logo\/image\/\"}}]}<\/script>\n<!-- \/ Yoast SEO plugin. -->","yoast_head_json":{"title":"Contactos - F &amp; F","robots":{"index":"noindex","follow":"follow","max-snippet":"max-snippet:-1","max-image-preview":"max-image-preview:large","max-video-preview":"max-video-preview:-1"},"og_locale":"fr_FR","og_type":"article","og_title":"Contactos - F &amp; F","og_description":"Morada Rua Augusto Moreira N100 3650-211 Vila Nova de Paiva Contactos fefmoveis@hotmail.com (+351) 933 560 867 *Custo de chamada para rede m\u00f3vel nacional. Hor\u00e1rio de Funcionamento Seg a Sex das 09h \u00e0s 12h e das 14h \u00e0s 19h","og_url":"https:\/\/fefmoveis.celeumasandbox.pt\/fr\/contactos\/","og_site_name":"F &amp; F","article_modified_time":"2025-06-06T09:12:52+00:00","twitter_card":"summary_large_image","twitter_misc":{"Dur\u00e9e de lecture estim\u00e9e":"1 minute"},"schema":{"@context":"https:\/\/schema.org","@graph":[{"@type":"WebPage","@id":"https:\/\/fefmoveis.celeumasandbox.pt\/contactos\/","url":"https:\/\/fefmoveis.celeumasandbox.pt\/contactos\/","name":"Contactos - F &amp; F","isPartOf":{"@id":"https:\/\/fefmoveis.celeumasandbox.pt\/#website"},"datePublished":"2024-06-20T13:25:49+00:00","dateModified":"2025-06-06T09:12:52+00:00","breadcrumb":{"@id":"https:\/\/fefmoveis.celeumasandbox.pt\/contactos\/#breadcrumb"},"inLanguage":"fr-FR","potentialAction":[{"@type":"ReadAction","target":["https:\/\/fefmoveis.celeumasandbox.pt\/contactos\/"]}]},{"@type":"BreadcrumbList","@id":"https:\/\/fefmoveis.celeumasandbox.pt\/contactos\/#breadcrumb","itemListElement":[{"@type":"ListItem","position":1,"name":"In\u00edcio","item":"https:\/\/fefmoveis.celeumasandbox.pt\/"},{"@type":"ListItem","position":2,"name":"Contactos"}]},{"@type":"WebSite","@id":"https:\/\/fefmoveis.celeumasandbox.pt\/#website","url":"https:\/\/fefmoveis.celeumasandbox.pt\/","name":"F &amp; F","description":"M\u00f3veis e Interiores","publisher":{"@id":"https:\/\/fefmoveis.celeumasandbox.pt\/#organization"},"potentialAction":[{"@type":"SearchAction","target":{"@type":"EntryPoint","urlTemplate":"https:\/\/fefmoveis.celeumasandbox.pt\/?s={search_term_string}"},"query-input":{"@type":"PropertyValueSpecification","valueRequired":true,"valueName":"search_term_string"}}],"inLanguage":"fr-FR"},{"@type":"Organization","@id":"https:\/\/fefmoveis.celeumasandbox.pt\/#organization","name":"F &amp; F","url":"https:\/\/fefmoveis.celeumasandbox.pt\/","logo":{"@type":"ImageObject","inLanguage":"fr-FR","@id":"https:\/\/fefmoveis.celeumasandbox.pt\/#\/schema\/logo\/image\/","url":"https:\/\/fefmoveis.celeumasandbox.pt\/wp-content\/uploads\/2025\/06\/cropped-Logotipo-scaled-1.jpg","contentUrl":"https:\/\/fefmoveis.celeumasandbox.pt\/wp-content\/uploads\/2025\/06\/cropped-Logotipo-scaled-1.jpg","width":1812,"height":2240,"caption":"F &amp; F"},"image":{"@id":"https:\/\/fefmoveis.celeumasandbox.pt\/#\/schema\/logo\/image\/"}}]}},"_links":{"self":[{"href":"https:\/\/fefmoveis.celeumasandbox.pt\/fr\/wp-json\/wp\/v2\/pages\/34","targetHints":{"allow":["GET"]}}],"collection":[{"href":"https:\/\/fefmoveis.celeumasandbox.pt\/fr\/wp-json\/wp\/v2\/pages"}],"about":[{"href":"https:\/\/fefmoveis.celeumasandbox.pt\/fr\/wp-json\/wp\/v2\/types\/page"}],"author":[{"embeddable":true,"href":"https:\/\/fefmoveis.celeumasandbox.pt\/fr\/wp-json\/wp\/v2\/users\/1"}],"replies":[{"embeddable":true,"href":"https:\/\/fefmoveis.celeumasandbox.pt\/fr\/wp-json\/wp\/v2\/comments?post=34"}],"version-history":[{"count":62,"href":"https:\/\/fefmoveis.celeumasandbox.pt\/fr\/wp-json\/wp\/v2\/pages\/34\/revisions"}],"predecessor-version":[{"id":82,"href":"https:\/\/fefmoveis.celeumasandbox.pt\/fr\/wp-json\/wp\/v2\/pages\/34\/revisions\/82"}],"wp:attachment":[{"href":"https:\/\/fefmoveis.celeumasandbox.pt\/fr\/wp-json\/wp\/v2\/media?parent=34"}],"curies":[{"name":"wp","href":"https:\/\/api.w.org\/{rel}","templated":true}]}}