{"id":3,"date":"2024-06-19T08:49:24","date_gmt":"2024-06-19T08:49:24","guid":{"rendered":"https:\/\/fefmoveis.celeumasandbox.pt\/?page_id=3"},"modified":"2025-06-05T10:24:47","modified_gmt":"2025-06-05T10:24:47","slug":"politica-privacidade","status":"publish","type":"page","link":"https:\/\/fefmoveis.celeumasandbox.pt\/fr\/politica-privacidade\/","title":{"rendered":"Politique de confidentialit\u00e9"},"content":{"rendered":"<p>La pr\u00e9sente politique de confidentialit\u00e9 d\u00e9crit qui nous sommes, \u00e0 quelles fins nous utilisons vos donn\u00e9es, comment nous les traitons, avec qui nous les partageons, combien de temps nous les conservons, ainsi que la mani\u00e8re de nous contacter et d'exercer vos droits.<\/p>\n<p>Comment contacter F&amp;F furniture<\/p>\n<p>F&amp;F furniture peut \u00eatre contact\u00e9 par t\u00e9l\u00e9phone au num\u00e9ro suivant <a href=\"tel:+351933560867\" target=\"_blank\" rel=\"noopener\">(+351) 933 560 867<\/a> (appel vers le r\u00e9seau mobile national) et par e-mail <a href=\"mailto:fefmoveis@hotmail.com\" target=\"_blank\" rel=\"noopener\">fefmoveis@hotmail.com.<\/a><\/p>\n<p>F&amp;F m\u00f3veis est responsable du traitement des donn\u00e9es personnelles qu'elle collecte et traite, conform\u00e9ment aux exigences exprim\u00e9es dans le R\u00e8glement g\u00e9n\u00e9ral sur la protection des donn\u00e9es.<\/p>\n<h2><strong>Pourquoi traitons-nous vos donn\u00e9es personnelles<\/strong><\/h2>\n<p>Les donn\u00e9es personnelles que nous traitons sont toujours collect\u00e9es dans un but et pour un traitement sp\u00e9cifiques, apr\u00e8s quoi elles sont transform\u00e9es en donn\u00e9es anonymes.<\/p>\n<ol>\n<li>Le respect des obligations l\u00e9gales qui nous incombent, tant \u00e0 l'\u00e9gard des clients et des fournisseurs qu'\u00e0 l'\u00e9gard de nos employ\u00e9s ;<\/li>\n<li>L'ex\u00e9cution de contrats ou de d\u00e9marches pr\u00e9contractuelles dans le cadre de notre activit\u00e9 ;<\/li>\n<li>Pour ex\u00e9cuter les services que nous fournissons, lorsque nous obtenons le consentement de la personne concern\u00e9e pour traiter ses donn\u00e9es \u00e0 caract\u00e8re personnel \u00e0 des fins sp\u00e9cifiques, explicites et l\u00e9gitimes, clairement indiqu\u00e9es au moment de la prise de contact ;<\/li>\n<li>Nous pouvons \u00e9galement traiter des informations si nous avons un int\u00e9r\u00eat l\u00e9gitime \u00e0 le faire, \u00e0 condition que, dans chaque cas, notre int\u00e9r\u00eat soit conforme aux droits de la personne concern\u00e9e, comme c'est le cas pour notre communication avec les clients et les clients potentiels, les fournisseurs et les fournisseurs potentiels et pour le recrutement de nouveaux employ\u00e9s ou prestataires de services ;<\/li>\n<\/ol>\n<h2><strong>L\u00e9galit\u00e9 du traitement des donn\u00e9es \u00e0 caract\u00e8re personnel<\/strong><\/h2>\n<p>L'activit\u00e9 commerciale de F&amp;F m\u00f3vel n\u00e9cessite des contacts afin de collecter des donn\u00e9es dans le but de fournir des services d'analyse et de gestion de l'information. Ces contacts s'adressent toujours \u00e0 des personnes physiques, c'est pourquoi nous traitons des donn\u00e9es personnelles lorsque nous fournissons des services. Nous garantissons toujours la l\u00e9galit\u00e9 des traitements que nous effectuons, qui peut \u00eatre garantie de diff\u00e9rentes mani\u00e8res, selon les cas :<\/p>\n<ol>\n<li>En tant que sous-traitant d'un de nos clients, dans le cadre duquel le client, en tant que responsable du traitement, nous transmet vos donn\u00e9es \u00e0 caract\u00e8re personnel afin que nous puissions vous contacter ;<\/li>\n<li>Dans les cas o\u00f9 F&amp;F m\u00f3veis est elle-m\u00eame responsable du traitement. Dans ce cas, nous g\u00e9n\u00e9rons de mani\u00e8re al\u00e9atoire des num\u00e9ros de t\u00e9l\u00e9phone \u00e0 appeler pour obtenir le consentement, qui est enregistr\u00e9 dans la base de donn\u00e9es et associ\u00e9 \u00e0 l'inscription du titulaire, pour la finalit\u00e9 en question.<\/li>\n<\/ol>\n<p>Ce que nous faisons de vos donn\u00e9es \u00e0 la fin du traitement<\/p>\n<p>Les donn\u00e9es \u00e0 caract\u00e8re personnel que nous utilisons servent exclusivement \u00e0 produire des statistiques, de sorte qu'une fois termin\u00e9e l'op\u00e9ration de traitement \u00e0 l'appui de la finalit\u00e9 pour laquelle vos donn\u00e9es ont \u00e9t\u00e9 collect\u00e9es, nous proc\u00e9dons \u00e0 l'anonymisation des enregistrements, voire \u00e0 leur destruction compl\u00e8te.<\/p>\n<h2><strong>P\u00e9riode de conservation<\/strong><\/h2>\n<p>Nous ne conservons les donn\u00e9es \u00e0 caract\u00e8re personnel que pendant la p\u00e9riode n\u00e9cessaire \u00e0 la r\u00e9alisation des objectifs pour lesquels elles ont \u00e9t\u00e9 collect\u00e9es, qui est g\u00e9n\u00e9ralement courte.<\/p>\n<p>Dans les cas o\u00f9 nous devons conserver les donn\u00e9es pendant une p\u00e9riode plus longue, ces donn\u00e9es seront rendues anonymes.<\/p>\n<h2><strong>S\u00e9curit\u00e9<\/strong><\/h2>\n<p>La s\u00e9curit\u00e9 de l'information et la protection des donn\u00e9es personnelles est une priorit\u00e9 pour F&amp;F m\u00f3veis. Nous assurons des moyens de protection ad\u00e9quats afin que nos proc\u00e9dures internes de s\u00e9curit\u00e9 des donn\u00e9es personnelles soient conformes \u00e0 la r\u00e9glementation en vigueur. Dans le cas o\u00f9 nous devons faire appel \u00e0 des tiers, nous nous assurons qu'ils sont li\u00e9s \u00e0 F&amp;F m\u00f3veis par contrat et qu'ils garantissent une protection ad\u00e9quate des donn\u00e9es personnelles auxquelles ils ont acc\u00e8s. Nous limitons l'acc\u00e8s aux donn\u00e9es \u00e0 caract\u00e8re personnel aux employ\u00e9s directement impliqu\u00e9s dans les op\u00e9rations de traitement d\u00e9finies et strictement dans le cadre de leurs fonctions. Nous prenons les mesures n\u00e9cessaires pour assurer la s\u00e9curit\u00e9 du traitement des donn\u00e9es \u00e0 caract\u00e8re personnel et les prot\u00e9ger contre la perte et les violations d'acc\u00e8s par des personnes non autoris\u00e9es. Toutes les donn\u00e9es personnelles que nous traitons sont stock\u00e9es dans des syst\u00e8mes d'information s\u00e9curis\u00e9s, conform\u00e9ment \u00e0 une politique de s\u00e9curit\u00e9, audit\u00e9es et soumises \u00e0 des tests p\u00e9riodiques.<\/p>\n<h2><strong>Confidentialit\u00e9<\/strong><\/h2>\n<p>Nous respectons la confidentialit\u00e9 des donn\u00e9es personnelles que nous traitons, en veillant \u00e0 ne pas les diffuser, les distribuer ou les mettre \u00e0 la disposition de tiers, sauf dans le cadre de l'ex\u00e9cution sp\u00e9cifique d'un service contractuel visant \u00e0 soutenir les services que nous fournissons.<\/p>\n<h2><strong>Exercice des droits des d\u00e9tenteurs<\/strong><\/h2>\n<p>\u00c0 tout moment, en tant que propri\u00e9taire des donn\u00e9es que vous nous avez fournies, vous pouvez exercer vos droits aupr\u00e8s de la Commission europ\u00e9enne :<\/p>\n<p><strong>Acc\u00e8s<\/strong><\/p>\n<p>Vous pouvez demander l'acc\u00e8s aux informations que nous d\u00e9tenons \u00e0 votre sujet ;<\/p>\n<p><strong>Rectification<\/strong><\/p>\n<p>Vous pouvez demander que les informations soient rectifi\u00e9es si elles sont inexactes ou incompl\u00e8tes ;<\/p>\n<p><strong>Suppression<\/strong><\/p>\n<p>Vous pouvez demander l'effacement de vos donn\u00e9es \u00e0 caract\u00e8re personnel lorsque vous vous rendez compte que vos donn\u00e9es \u00e0 caract\u00e8re personnel ne sont plus n\u00e9cessaires aux fins pour lesquelles elles ont \u00e9t\u00e9 collect\u00e9es ou trait\u00e9es, qu'il n'y a pas d'int\u00e9r\u00eats l\u00e9gitimes pr\u00e9pond\u00e9rants ou si vous retirez votre consentement au traitement de vos donn\u00e9es et qu'il n'y a pas d'autre base pour le traitement ;<\/p>\n<p><strong>Retrait du consentement<\/strong><\/p>\n<p>Vous avez le droit de retirer votre consentement \u00e0 tout moment;<\/p>\n<h2><strong>Droits de restriction et d'opposition au traitement<\/strong><\/h2>\n<p>Il n'est pertinent de demander la limitation du traitement de vos donn\u00e9es personnelles que pour la p\u00e9riode entre le moment o\u00f9 vous contestez l'exactitude de vos donn\u00e9es personnelles et celui o\u00f9 F&amp;F m\u00f3veis les a rectifi\u00e9es, ou si vous d\u00e9tectez que, pour une raison quelconque, nous traitons vos donn\u00e9es de mani\u00e8re ill\u00e9gale et que vous pr\u00e9f\u00e9rez la limitation de leur utilisation comme alternative \u00e0 l'effacement ; cependant, dans le cadre des op\u00e9rations de traitement et pour la finalit\u00e9 pour laquelle F&amp;F m\u00f3veis les traite, les op\u00e9rations statistiques, une telle situation ne se pr\u00e9sente pas et il est l\u00e9gitime pour F&amp;F m\u00f3veis d'opter pour l'effacement des donn\u00e9es collect\u00e9es ;<\/p>\n<p>Il n'est pertinent de demander l'opposition au traitement que s'il est v\u00e9rifi\u00e9 que les motifs l\u00e9gitimes du responsable du traitement pr\u00e9valent sur ceux de la personne concern\u00e9e, ou si les donn\u00e9es sont trait\u00e9es \u00e0 des fins de marketing direct ou de profilage ; toutefois, dans le cadre des op\u00e9rations de traitement et pour la finalit\u00e9 pour laquelle F&amp;F m\u00f3veis effectue le traitement, \u00e0 savoir des op\u00e9rations statistiques, cette situation ne se pr\u00e9sente pas et il est l\u00e9gitime pour F&amp;F m\u00f3veis d'opter pour l'effacement des donn\u00e9es collect\u00e9es ;<\/p>\n<p>Les donn\u00e9es personnelles que nous collectons sont tout au plus le nom et un moyen de contact, principalement t\u00e9l\u00e9phonique, de sorte que le droit \u00e0 la portabilit\u00e9 des donn\u00e9es personnelles n'est pas n\u00e9cessaire.<\/p>\n<h2>Traitement des demandes des personnes concern\u00e9es pour exercer leurs droits sur leurs donn\u00e9es<\/h2>\n<p>Les demandes peuvent \u00eatre adress\u00e9es par toute forme de contact \u00e0 F&amp;F m\u00f3veis, en tant que responsable du traitement, et seront trait\u00e9es de mani\u00e8re \u00e0 garantir l'effectivit\u00e9 de vos droits. Il peut vous \u00eatre demand\u00e9 de fournir une preuve de votre identit\u00e9 afin de garantir que les donn\u00e9es \u00e0 caract\u00e8re personnel ne sont partag\u00e9es qu'avec leur propri\u00e9taire. Vous serez inform\u00e9 des mesures prises pour donner suite \u00e0 l'exercice de vos droits. Vous avez \u00e9galement le droit de d\u00e9poser une plainte aupr\u00e8s de la Commission nationale de protection des donn\u00e9es. Traitement des donn\u00e9es \u00e0 caract\u00e8re personnel de telle sorte qu'elles ne puissent plus \u00eatre attribu\u00e9es \u00e0 une personne concern\u00e9e pr\u00e9cise sans avoir recours \u00e0 des informations suppl\u00e9mentaires, \u00e0 condition que ces informations suppl\u00e9mentaires soient conserv\u00e9es s\u00e9par\u00e9ment et soumises \u00e0 des mesures techniques et organisationnelles garantissant que les donn\u00e9es \u00e0 caract\u00e8re personnel ne peuvent \u00eatre attribu\u00e9es \u00e0 une personne physique identifi\u00e9e ou identifiable.<\/p>","protected":false},"excerpt":{"rendered":"<p>Esta Pol\u00edtica de Privacidade descreve quem somos, para que finalidades usamos os seus dados, como os tratamos, com quem os partilhamos, durante quanto tempo os conservamos, assim como as formas de entrar em contacto connosco e de exercer os seus direitos. Como entrar em contacto com a F&amp;F m\u00f3veis A F&amp;F m\u00f3veis, pode ser contactada [&hellip;]<\/p>","protected":false},"author":1,"featured_media":0,"parent":0,"menu_order":0,"comment_status":"closed","ping_status":"open","template":"","meta":{"_acf_changed":false,"footnotes":""},"class_list":["post-3","page","type-page","status-publish","hentry"],"acf":[],"yoast_head":"<!-- This site is optimized with the Yoast SEO plugin v25.2 - https:\/\/yoast.com\/wordpress\/plugins\/seo\/ -->\n<title>Pol\u00edtica de privacidade - F &amp; F<\/title>\n<meta name=\"robots\" content=\"noindex, follow, max-snippet:-1, max-image-preview:large, max-video-preview:-1\" \/>\n<meta property=\"og:locale\" content=\"fr_FR\" \/>\n<meta property=\"og:type\" content=\"article\" \/>\n<meta property=\"og:title\" content=\"Pol\u00edtica de privacidade - F &amp; F\" \/>\n<meta property=\"og:description\" content=\"Esta Pol\u00edtica de Privacidade descreve quem somos, para que finalidades usamos os seus dados, como os tratamos, com quem os partilhamos, durante quanto tempo os conservamos, assim como as formas de entrar em contacto connosco e de exercer os seus direitos. Como entrar em contacto com a F&amp;F m\u00f3veis A F&amp;F m\u00f3veis, pode ser contactada [&hellip;]\" \/>\n<meta property=\"og:url\" content=\"https:\/\/fefmoveis.celeumasandbox.pt\/fr\/politica-privacidade\/\" \/>\n<meta property=\"og:site_name\" content=\"F &amp; F\" \/>\n<meta property=\"article:modified_time\" content=\"2025-06-05T10:24:47+00:00\" \/>\n<meta name=\"twitter:card\" content=\"summary_large_image\" \/>\n<meta name=\"twitter:label1\" content=\"Dur\u00e9e de lecture estim\u00e9e\" \/>\n\t<meta name=\"twitter:data1\" content=\"7 minutes\" \/>\n<script type=\"application\/ld+json\" class=\"yoast-schema-graph\">{\"@context\":\"https:\/\/schema.org\",\"@graph\":[{\"@type\":\"WebPage\",\"@id\":\"https:\/\/fefmoveis.celeumasandbox.pt\/politica-privacidade\/\",\"url\":\"https:\/\/fefmoveis.celeumasandbox.pt\/politica-privacidade\/\",\"name\":\"Pol\u00edtica de privacidade - F &amp; F\",\"isPartOf\":{\"@id\":\"https:\/\/fefmoveis.celeumasandbox.pt\/#website\"},\"datePublished\":\"2024-06-19T08:49:24+00:00\",\"dateModified\":\"2025-06-05T10:24:47+00:00\",\"breadcrumb\":{\"@id\":\"https:\/\/fefmoveis.celeumasandbox.pt\/politica-privacidade\/#breadcrumb\"},\"inLanguage\":\"fr-FR\",\"potentialAction\":[{\"@type\":\"ReadAction\",\"target\":[\"https:\/\/fefmoveis.celeumasandbox.pt\/politica-privacidade\/\"]}]},{\"@type\":\"BreadcrumbList\",\"@id\":\"https:\/\/fefmoveis.celeumasandbox.pt\/politica-privacidade\/#breadcrumb\",\"itemListElement\":[{\"@type\":\"ListItem\",\"position\":1,\"name\":\"In\u00edcio\",\"item\":\"https:\/\/fefmoveis.celeumasandbox.pt\/\"},{\"@type\":\"ListItem\",\"position\":2,\"name\":\"Pol\u00edtica de privacidade\"}]},{\"@type\":\"WebSite\",\"@id\":\"https:\/\/fefmoveis.celeumasandbox.pt\/#website\",\"url\":\"https:\/\/fefmoveis.celeumasandbox.pt\/\",\"name\":\"F &amp; F\",\"description\":\"M\u00f3veis e Interiores\",\"publisher\":{\"@id\":\"https:\/\/fefmoveis.celeumasandbox.pt\/#organization\"},\"potentialAction\":[{\"@type\":\"SearchAction\",\"target\":{\"@type\":\"EntryPoint\",\"urlTemplate\":\"https:\/\/fefmoveis.celeumasandbox.pt\/?s={search_term_string}\"},\"query-input\":{\"@type\":\"PropertyValueSpecification\",\"valueRequired\":true,\"valueName\":\"search_term_string\"}}],\"inLanguage\":\"fr-FR\"},{\"@type\":\"Organization\",\"@id\":\"https:\/\/fefmoveis.celeumasandbox.pt\/#organization\",\"name\":\"F &amp; F\",\"url\":\"https:\/\/fefmoveis.celeumasandbox.pt\/\",\"logo\":{\"@type\":\"ImageObject\",\"inLanguage\":\"fr-FR\",\"@id\":\"https:\/\/fefmoveis.celeumasandbox.pt\/#\/schema\/logo\/image\/\",\"url\":\"https:\/\/fefmoveis.celeumasandbox.pt\/wp-content\/uploads\/2025\/06\/cropped-Logotipo-scaled-1.jpg\",\"contentUrl\":\"https:\/\/fefmoveis.celeumasandbox.pt\/wp-content\/uploads\/2025\/06\/cropped-Logotipo-scaled-1.jpg\",\"width\":1812,\"height\":2240,\"caption\":\"F &amp; F\"},\"image\":{\"@id\":\"https:\/\/fefmoveis.celeumasandbox.pt\/#\/schema\/logo\/image\/\"}}]}<\/script>\n<!-- \/ Yoast SEO plugin. -->","yoast_head_json":{"title":"Pol\u00edtica de privacidade - F &amp; F","robots":{"index":"noindex","follow":"follow","max-snippet":"max-snippet:-1","max-image-preview":"max-image-preview:large","max-video-preview":"max-video-preview:-1"},"og_locale":"fr_FR","og_type":"article","og_title":"Pol\u00edtica de privacidade - F &amp; F","og_description":"Esta Pol\u00edtica de Privacidade descreve quem somos, para que finalidades usamos os seus dados, como os tratamos, com quem os partilhamos, durante quanto tempo os conservamos, assim como as formas de entrar em contacto connosco e de exercer os seus direitos. Como entrar em contacto com a F&amp;F m\u00f3veis A F&amp;F m\u00f3veis, pode ser contactada [&hellip;]","og_url":"https:\/\/fefmoveis.celeumasandbox.pt\/fr\/politica-privacidade\/","og_site_name":"F &amp; F","article_modified_time":"2025-06-05T10:24:47+00:00","twitter_card":"summary_large_image","twitter_misc":{"Dur\u00e9e de lecture estim\u00e9e":"7 minutes"},"schema":{"@context":"https:\/\/schema.org","@graph":[{"@type":"WebPage","@id":"https:\/\/fefmoveis.celeumasandbox.pt\/politica-privacidade\/","url":"https:\/\/fefmoveis.celeumasandbox.pt\/politica-privacidade\/","name":"Pol\u00edtica de privacidade - F &amp; F","isPartOf":{"@id":"https:\/\/fefmoveis.celeumasandbox.pt\/#website"},"datePublished":"2024-06-19T08:49:24+00:00","dateModified":"2025-06-05T10:24:47+00:00","breadcrumb":{"@id":"https:\/\/fefmoveis.celeumasandbox.pt\/politica-privacidade\/#breadcrumb"},"inLanguage":"fr-FR","potentialAction":[{"@type":"ReadAction","target":["https:\/\/fefmoveis.celeumasandbox.pt\/politica-privacidade\/"]}]},{"@type":"BreadcrumbList","@id":"https:\/\/fefmoveis.celeumasandbox.pt\/politica-privacidade\/#breadcrumb","itemListElement":[{"@type":"ListItem","position":1,"name":"In\u00edcio","item":"https:\/\/fefmoveis.celeumasandbox.pt\/"},{"@type":"ListItem","position":2,"name":"Pol\u00edtica de privacidade"}]},{"@type":"WebSite","@id":"https:\/\/fefmoveis.celeumasandbox.pt\/#website","url":"https:\/\/fefmoveis.celeumasandbox.pt\/","name":"F &amp; F","description":"M\u00f3veis e Interiores","publisher":{"@id":"https:\/\/fefmoveis.celeumasandbox.pt\/#organization"},"potentialAction":[{"@type":"SearchAction","target":{"@type":"EntryPoint","urlTemplate":"https:\/\/fefmoveis.celeumasandbox.pt\/?s={search_term_string}"},"query-input":{"@type":"PropertyValueSpecification","valueRequired":true,"valueName":"search_term_string"}}],"inLanguage":"fr-FR"},{"@type":"Organization","@id":"https:\/\/fefmoveis.celeumasandbox.pt\/#organization","name":"F &amp; F","url":"https:\/\/fefmoveis.celeumasandbox.pt\/","logo":{"@type":"ImageObject","inLanguage":"fr-FR","@id":"https:\/\/fefmoveis.celeumasandbox.pt\/#\/schema\/logo\/image\/","url":"https:\/\/fefmoveis.celeumasandbox.pt\/wp-content\/uploads\/2025\/06\/cropped-Logotipo-scaled-1.jpg","contentUrl":"https:\/\/fefmoveis.celeumasandbox.pt\/wp-content\/uploads\/2025\/06\/cropped-Logotipo-scaled-1.jpg","width":1812,"height":2240,"caption":"F &amp; F"},"image":{"@id":"https:\/\/fefmoveis.celeumasandbox.pt\/#\/schema\/logo\/image\/"}}]}},"_links":{"self":[{"href":"https:\/\/fefmoveis.celeumasandbox.pt\/fr\/wp-json\/wp\/v2\/pages\/3","targetHints":{"allow":["GET"]}}],"collection":[{"href":"https:\/\/fefmoveis.celeumasandbox.pt\/fr\/wp-json\/wp\/v2\/pages"}],"about":[{"href":"https:\/\/fefmoveis.celeumasandbox.pt\/fr\/wp-json\/wp\/v2\/types\/page"}],"author":[{"embeddable":true,"href":"https:\/\/fefmoveis.celeumasandbox.pt\/fr\/wp-json\/wp\/v2\/users\/1"}],"replies":[{"embeddable":true,"href":"https:\/\/fefmoveis.celeumasandbox.pt\/fr\/wp-json\/wp\/v2\/comments?post=3"}],"version-history":[{"count":12,"href":"https:\/\/fefmoveis.celeumasandbox.pt\/fr\/wp-json\/wp\/v2\/pages\/3\/revisions"}],"predecessor-version":[{"id":1908,"href":"https:\/\/fefmoveis.celeumasandbox.pt\/fr\/wp-json\/wp\/v2\/pages\/3\/revisions\/1908"}],"wp:attachment":[{"href":"https:\/\/fefmoveis.celeumasandbox.pt\/fr\/wp-json\/wp\/v2\/media?parent=3"}],"curies":[{"name":"wp","href":"https:\/\/api.w.org\/{rel}","templated":true}]}}