{"id":186,"date":"2024-07-11T14:37:35","date_gmt":"2024-07-11T14:37:35","guid":{"rendered":"https:\/\/fefmoveis.celeumasandbox.pt\/?page_id=186"},"modified":"2025-06-04T14:14:03","modified_gmt":"2025-06-04T14:14:03","slug":"servicos","status":"publish","type":"page","link":"https:\/\/fefmoveis.celeumasandbox.pt\/fr\/servicos\/","title":{"rendered":"Services"},"content":{"rendered":"<p>Notre entreprise offre un <strong>service complet<\/strong> et <strong>int\u00e9gr\u00e9<\/strong> dans le domaine du bois et des produits \u00e0 base de bois, avec<strong> des solutions sur mesure<\/strong> pour chaque client. De l'\u00e9laboration de projets personnalis\u00e9s en <strong>3D<\/strong> \u00e0 la <strong>production, l'installation<\/strong> et <strong>l'assemblage final<\/strong>production, l'installation et l'assemblage final, nous suivons chaque \u00e9tape du processus avec rigueur et d\u00e9vouement. Nous travaillons avec une large gamme de mat\u00e9riaux, y compris des bois durs, des stratifi\u00e9s et d'autres d\u00e9riv\u00e9s, en mettant toujours <strong>l'accent sur la qualit\u00e9<\/strong>, <strong>la durabilit\u00e9<\/strong> et <strong>l'esth\u00e9tique.<\/strong> Qu'il s'agisse de mobilier sur mesure, de d\u00e9coration d'int\u00e9rieur ou de projets complets, nous garantissons un r\u00e9sultat fonctionnel, \u00e9l\u00e9gant et adapt\u00e9 aux besoins de chaque espace.<\/p>","protected":false},"excerpt":{"rendered":"<p>Na nossa empresa, oferecemos um servi\u00e7o completo e integrado na \u00e1rea da madeira e derivados, com solu\u00e7\u00f5es \u00e0 medida de cada cliente. Desde o desenvolvimento de projetos personalizados em 3D at\u00e9 \u00e0 produ\u00e7\u00e3o, instala\u00e7\u00e3o e montagem final, acompanhamos todas as fases do processo com rigor e dedica\u00e7\u00e3o. Trabalhamos com uma vasta gama de materiais, incluindo [&hellip;]<\/p>","protected":false},"author":1,"featured_media":0,"parent":0,"menu_order":0,"comment_status":"closed","ping_status":"closed","template":"page-artigos3.php","meta":{"_acf_changed":false,"footnotes":""},"class_list":["post-186","page","type-page","status-publish","hentry"],"acf":[],"yoast_head":"<!-- This site is optimized with the Yoast SEO plugin v25.2 - https:\/\/yoast.com\/wordpress\/plugins\/seo\/ -->\n<title>Servi\u00e7os - F &amp; F<\/title>\n<meta name=\"robots\" content=\"noindex, follow, max-snippet:-1, max-image-preview:large, max-video-preview:-1\" \/>\n<meta property=\"og:locale\" content=\"fr_FR\" \/>\n<meta property=\"og:type\" content=\"article\" \/>\n<meta property=\"og:title\" content=\"Servi\u00e7os - F &amp; F\" \/>\n<meta property=\"og:description\" content=\"Na nossa empresa, oferecemos um servi\u00e7o completo e integrado na \u00e1rea da madeira e derivados, com solu\u00e7\u00f5es \u00e0 medida de cada cliente. Desde o desenvolvimento de projetos personalizados em 3D at\u00e9 \u00e0 produ\u00e7\u00e3o, instala\u00e7\u00e3o e montagem final, acompanhamos todas as fases do processo com rigor e dedica\u00e7\u00e3o. Trabalhamos com uma vasta gama de materiais, incluindo [&hellip;]\" \/>\n<meta property=\"og:url\" content=\"https:\/\/fefmoveis.celeumasandbox.pt\/fr\/servicos\/\" \/>\n<meta property=\"og:site_name\" content=\"F &amp; F\" \/>\n<meta property=\"article:modified_time\" content=\"2025-06-04T14:14:03+00:00\" \/>\n<meta name=\"twitter:card\" content=\"summary_large_image\" \/>\n<meta name=\"twitter:label1\" content=\"Dur\u00e9e de lecture estim\u00e9e\" \/>\n\t<meta name=\"twitter:data1\" content=\"1 minute\" \/>\n<script type=\"application\/ld+json\" class=\"yoast-schema-graph\">{\"@context\":\"https:\/\/schema.org\",\"@graph\":[{\"@type\":\"WebPage\",\"@id\":\"https:\/\/fefmoveis.celeumasandbox.pt\/servicos\/\",\"url\":\"https:\/\/fefmoveis.celeumasandbox.pt\/servicos\/\",\"name\":\"Servi\u00e7os - F &amp; F\",\"isPartOf\":{\"@id\":\"https:\/\/fefmoveis.celeumasandbox.pt\/#website\"},\"datePublished\":\"2024-07-11T14:37:35+00:00\",\"dateModified\":\"2025-06-04T14:14:03+00:00\",\"breadcrumb\":{\"@id\":\"https:\/\/fefmoveis.celeumasandbox.pt\/servicos\/#breadcrumb\"},\"inLanguage\":\"fr-FR\",\"potentialAction\":[{\"@type\":\"ReadAction\",\"target\":[\"https:\/\/fefmoveis.celeumasandbox.pt\/servicos\/\"]}]},{\"@type\":\"BreadcrumbList\",\"@id\":\"https:\/\/fefmoveis.celeumasandbox.pt\/servicos\/#breadcrumb\",\"itemListElement\":[{\"@type\":\"ListItem\",\"position\":1,\"name\":\"In\u00edcio\",\"item\":\"https:\/\/fefmoveis.celeumasandbox.pt\/\"},{\"@type\":\"ListItem\",\"position\":2,\"name\":\"Servi\u00e7os\"}]},{\"@type\":\"WebSite\",\"@id\":\"https:\/\/fefmoveis.celeumasandbox.pt\/#website\",\"url\":\"https:\/\/fefmoveis.celeumasandbox.pt\/\",\"name\":\"F &amp; F\",\"description\":\"M\u00f3veis e Interiores\",\"publisher\":{\"@id\":\"https:\/\/fefmoveis.celeumasandbox.pt\/#organization\"},\"potentialAction\":[{\"@type\":\"SearchAction\",\"target\":{\"@type\":\"EntryPoint\",\"urlTemplate\":\"https:\/\/fefmoveis.celeumasandbox.pt\/?s={search_term_string}\"},\"query-input\":{\"@type\":\"PropertyValueSpecification\",\"valueRequired\":true,\"valueName\":\"search_term_string\"}}],\"inLanguage\":\"fr-FR\"},{\"@type\":\"Organization\",\"@id\":\"https:\/\/fefmoveis.celeumasandbox.pt\/#organization\",\"name\":\"F &amp; F\",\"url\":\"https:\/\/fefmoveis.celeumasandbox.pt\/\",\"logo\":{\"@type\":\"ImageObject\",\"inLanguage\":\"fr-FR\",\"@id\":\"https:\/\/fefmoveis.celeumasandbox.pt\/#\/schema\/logo\/image\/\",\"url\":\"https:\/\/fefmoveis.celeumasandbox.pt\/wp-content\/uploads\/2025\/06\/cropped-Logotipo-scaled-1.jpg\",\"contentUrl\":\"https:\/\/fefmoveis.celeumasandbox.pt\/wp-content\/uploads\/2025\/06\/cropped-Logotipo-scaled-1.jpg\",\"width\":1812,\"height\":2240,\"caption\":\"F &amp; F\"},\"image\":{\"@id\":\"https:\/\/fefmoveis.celeumasandbox.pt\/#\/schema\/logo\/image\/\"}}]}<\/script>\n<!-- \/ Yoast SEO plugin. -->","yoast_head_json":{"title":"Servi\u00e7os - F &amp; F","robots":{"index":"noindex","follow":"follow","max-snippet":"max-snippet:-1","max-image-preview":"max-image-preview:large","max-video-preview":"max-video-preview:-1"},"og_locale":"fr_FR","og_type":"article","og_title":"Servi\u00e7os - F &amp; F","og_description":"Na nossa empresa, oferecemos um servi\u00e7o completo e integrado na \u00e1rea da madeira e derivados, com solu\u00e7\u00f5es \u00e0 medida de cada cliente. Desde o desenvolvimento de projetos personalizados em 3D at\u00e9 \u00e0 produ\u00e7\u00e3o, instala\u00e7\u00e3o e montagem final, acompanhamos todas as fases do processo com rigor e dedica\u00e7\u00e3o. Trabalhamos com uma vasta gama de materiais, incluindo [&hellip;]","og_url":"https:\/\/fefmoveis.celeumasandbox.pt\/fr\/servicos\/","og_site_name":"F &amp; F","article_modified_time":"2025-06-04T14:14:03+00:00","twitter_card":"summary_large_image","twitter_misc":{"Dur\u00e9e de lecture estim\u00e9e":"1 minute"},"schema":{"@context":"https:\/\/schema.org","@graph":[{"@type":"WebPage","@id":"https:\/\/fefmoveis.celeumasandbox.pt\/servicos\/","url":"https:\/\/fefmoveis.celeumasandbox.pt\/servicos\/","name":"Servi\u00e7os - F &amp; F","isPartOf":{"@id":"https:\/\/fefmoveis.celeumasandbox.pt\/#website"},"datePublished":"2024-07-11T14:37:35+00:00","dateModified":"2025-06-04T14:14:03+00:00","breadcrumb":{"@id":"https:\/\/fefmoveis.celeumasandbox.pt\/servicos\/#breadcrumb"},"inLanguage":"fr-FR","potentialAction":[{"@type":"ReadAction","target":["https:\/\/fefmoveis.celeumasandbox.pt\/servicos\/"]}]},{"@type":"BreadcrumbList","@id":"https:\/\/fefmoveis.celeumasandbox.pt\/servicos\/#breadcrumb","itemListElement":[{"@type":"ListItem","position":1,"name":"In\u00edcio","item":"https:\/\/fefmoveis.celeumasandbox.pt\/"},{"@type":"ListItem","position":2,"name":"Servi\u00e7os"}]},{"@type":"WebSite","@id":"https:\/\/fefmoveis.celeumasandbox.pt\/#website","url":"https:\/\/fefmoveis.celeumasandbox.pt\/","name":"F &amp; F","description":"M\u00f3veis e Interiores","publisher":{"@id":"https:\/\/fefmoveis.celeumasandbox.pt\/#organization"},"potentialAction":[{"@type":"SearchAction","target":{"@type":"EntryPoint","urlTemplate":"https:\/\/fefmoveis.celeumasandbox.pt\/?s={search_term_string}"},"query-input":{"@type":"PropertyValueSpecification","valueRequired":true,"valueName":"search_term_string"}}],"inLanguage":"fr-FR"},{"@type":"Organization","@id":"https:\/\/fefmoveis.celeumasandbox.pt\/#organization","name":"F &amp; F","url":"https:\/\/fefmoveis.celeumasandbox.pt\/","logo":{"@type":"ImageObject","inLanguage":"fr-FR","@id":"https:\/\/fefmoveis.celeumasandbox.pt\/#\/schema\/logo\/image\/","url":"https:\/\/fefmoveis.celeumasandbox.pt\/wp-content\/uploads\/2025\/06\/cropped-Logotipo-scaled-1.jpg","contentUrl":"https:\/\/fefmoveis.celeumasandbox.pt\/wp-content\/uploads\/2025\/06\/cropped-Logotipo-scaled-1.jpg","width":1812,"height":2240,"caption":"F &amp; F"},"image":{"@id":"https:\/\/fefmoveis.celeumasandbox.pt\/#\/schema\/logo\/image\/"}}]}},"_links":{"self":[{"href":"https:\/\/fefmoveis.celeumasandbox.pt\/fr\/wp-json\/wp\/v2\/pages\/186","targetHints":{"allow":["GET"]}}],"collection":[{"href":"https:\/\/fefmoveis.celeumasandbox.pt\/fr\/wp-json\/wp\/v2\/pages"}],"about":[{"href":"https:\/\/fefmoveis.celeumasandbox.pt\/fr\/wp-json\/wp\/v2\/types\/page"}],"author":[{"embeddable":true,"href":"https:\/\/fefmoveis.celeumasandbox.pt\/fr\/wp-json\/wp\/v2\/users\/1"}],"replies":[{"embeddable":true,"href":"https:\/\/fefmoveis.celeumasandbox.pt\/fr\/wp-json\/wp\/v2\/comments?post=186"}],"version-history":[{"count":22,"href":"https:\/\/fefmoveis.celeumasandbox.pt\/fr\/wp-json\/wp\/v2\/pages\/186\/revisions"}],"predecessor-version":[{"id":1746,"href":"https:\/\/fefmoveis.celeumasandbox.pt\/fr\/wp-json\/wp\/v2\/pages\/186\/revisions\/1746"}],"wp:attachment":[{"href":"https:\/\/fefmoveis.celeumasandbox.pt\/fr\/wp-json\/wp\/v2\/media?parent=186"}],"curies":[{"name":"wp","href":"https:\/\/api.w.org\/{rel}","templated":true}]}}