{"id":1135,"date":"2024-12-02T12:15:10","date_gmt":"2024-12-02T12:15:10","guid":{"rendered":"https:\/\/fefmoveis.celeumasandbox.pt\/?page_id=1135"},"modified":"2025-06-05T09:52:28","modified_gmt":"2025-06-05T09:52:28","slug":"blog","status":"publish","type":"page","link":"https:\/\/fefmoveis.celeumasandbox.pt\/fr\/blog\/","title":{"rendered":"Blog"},"content":{"rendered":"<p>Bienvenue sur notre blog, un espace o\u00f9 nous partageons les <strong>passion pour le bois et le design !<\/strong> Ici, vous pouvez suivre notre travail de pr\u00e8s, de <strong>coulisses<\/strong> de la production aux projets <strong>en cours de d\u00e9veloppement<\/strong>, et des id\u00e9es de d\u00e9coration, ainsi que des conseils sur les mat\u00e9riaux. Nous mettons en avant des pi\u00e8ces sur mesure, des solutions cr\u00e9atives et des histoires qui refl\u00e8tent notre engagement en faveur de la qualit\u00e9 et de la personnalisation. <strong>Inspirez-vous de nous<\/strong> et d\u00e9couvrez ce qui nous anime chaque jour.<\/p>","protected":false},"excerpt":{"rendered":"<p>Bem-vindo ao nosso blog, um espa\u00e7o onde partilhamos a paix\u00e3o pela madeira e pelo design! Aqui poder\u00e1 acompanhar de perto o nosso trabalho, desde bastidores da produ\u00e7\u00e3o at\u00e9 projetos em desenvolvimento, ideias de decora\u00e7\u00e3o e dicas sobre materiais. Damos destaque a pe\u00e7as por medida, solu\u00e7\u00f5es criativas e hist\u00f3rias que refletem o nosso compromisso com a [&hellip;]<\/p>","protected":false},"author":2,"featured_media":0,"parent":0,"menu_order":0,"comment_status":"closed","ping_status":"closed","template":"page-artigos2.php","meta":{"_acf_changed":false,"footnotes":""},"class_list":["post-1135","page","type-page","status-publish","hentry"],"acf":[],"yoast_head":"<!-- This site is optimized with the Yoast SEO plugin v25.2 - https:\/\/yoast.com\/wordpress\/plugins\/seo\/ -->\n<title>Blog - F &amp; F<\/title>\n<meta name=\"robots\" content=\"noindex, follow, max-snippet:-1, max-image-preview:large, max-video-preview:-1\" \/>\n<meta property=\"og:locale\" content=\"fr_FR\" \/>\n<meta property=\"og:type\" content=\"article\" \/>\n<meta property=\"og:title\" content=\"Blog - F &amp; F\" \/>\n<meta property=\"og:description\" content=\"Bem-vindo ao nosso blog, um espa\u00e7o onde partilhamos a paix\u00e3o pela madeira e pelo design! Aqui poder\u00e1 acompanhar de perto o nosso trabalho, desde bastidores da produ\u00e7\u00e3o at\u00e9 projetos em desenvolvimento, ideias de decora\u00e7\u00e3o e dicas sobre materiais. Damos destaque a pe\u00e7as por medida, solu\u00e7\u00f5es criativas e hist\u00f3rias que refletem o nosso compromisso com a [&hellip;]\" \/>\n<meta property=\"og:url\" content=\"https:\/\/fefmoveis.celeumasandbox.pt\/fr\/blog\/\" \/>\n<meta property=\"og:site_name\" content=\"F &amp; F\" \/>\n<meta property=\"article:modified_time\" content=\"2025-06-05T09:52:28+00:00\" \/>\n<meta name=\"twitter:card\" content=\"summary_large_image\" \/>\n<meta name=\"twitter:label1\" content=\"Dur\u00e9e de lecture estim\u00e9e\" \/>\n\t<meta name=\"twitter:data1\" content=\"1 minute\" \/>\n<script type=\"application\/ld+json\" class=\"yoast-schema-graph\">{\"@context\":\"https:\/\/schema.org\",\"@graph\":[{\"@type\":\"WebPage\",\"@id\":\"https:\/\/fefmoveis.celeumasandbox.pt\/blog\/\",\"url\":\"https:\/\/fefmoveis.celeumasandbox.pt\/blog\/\",\"name\":\"Blog - F &amp; F\",\"isPartOf\":{\"@id\":\"https:\/\/fefmoveis.celeumasandbox.pt\/#website\"},\"datePublished\":\"2024-12-02T12:15:10+00:00\",\"dateModified\":\"2025-06-05T09:52:28+00:00\",\"breadcrumb\":{\"@id\":\"https:\/\/fefmoveis.celeumasandbox.pt\/blog\/#breadcrumb\"},\"inLanguage\":\"fr-FR\",\"potentialAction\":[{\"@type\":\"ReadAction\",\"target\":[\"https:\/\/fefmoveis.celeumasandbox.pt\/blog\/\"]}]},{\"@type\":\"BreadcrumbList\",\"@id\":\"https:\/\/fefmoveis.celeumasandbox.pt\/blog\/#breadcrumb\",\"itemListElement\":[{\"@type\":\"ListItem\",\"position\":1,\"name\":\"In\u00edcio\",\"item\":\"https:\/\/fefmoveis.celeumasandbox.pt\/\"},{\"@type\":\"ListItem\",\"position\":2,\"name\":\"Blog\"}]},{\"@type\":\"WebSite\",\"@id\":\"https:\/\/fefmoveis.celeumasandbox.pt\/#website\",\"url\":\"https:\/\/fefmoveis.celeumasandbox.pt\/\",\"name\":\"F &amp; F\",\"description\":\"M\u00f3veis e Interiores\",\"publisher\":{\"@id\":\"https:\/\/fefmoveis.celeumasandbox.pt\/#organization\"},\"potentialAction\":[{\"@type\":\"SearchAction\",\"target\":{\"@type\":\"EntryPoint\",\"urlTemplate\":\"https:\/\/fefmoveis.celeumasandbox.pt\/?s={search_term_string}\"},\"query-input\":{\"@type\":\"PropertyValueSpecification\",\"valueRequired\":true,\"valueName\":\"search_term_string\"}}],\"inLanguage\":\"fr-FR\"},{\"@type\":\"Organization\",\"@id\":\"https:\/\/fefmoveis.celeumasandbox.pt\/#organization\",\"name\":\"F &amp; F\",\"url\":\"https:\/\/fefmoveis.celeumasandbox.pt\/\",\"logo\":{\"@type\":\"ImageObject\",\"inLanguage\":\"fr-FR\",\"@id\":\"https:\/\/fefmoveis.celeumasandbox.pt\/#\/schema\/logo\/image\/\",\"url\":\"https:\/\/fefmoveis.celeumasandbox.pt\/wp-content\/uploads\/2025\/06\/cropped-Logotipo-scaled-1.jpg\",\"contentUrl\":\"https:\/\/fefmoveis.celeumasandbox.pt\/wp-content\/uploads\/2025\/06\/cropped-Logotipo-scaled-1.jpg\",\"width\":1812,\"height\":2240,\"caption\":\"F &amp; F\"},\"image\":{\"@id\":\"https:\/\/fefmoveis.celeumasandbox.pt\/#\/schema\/logo\/image\/\"}}]}<\/script>\n<!-- \/ Yoast SEO plugin. -->","yoast_head_json":{"title":"Blog - F &amp; F","robots":{"index":"noindex","follow":"follow","max-snippet":"max-snippet:-1","max-image-preview":"max-image-preview:large","max-video-preview":"max-video-preview:-1"},"og_locale":"fr_FR","og_type":"article","og_title":"Blog - F &amp; F","og_description":"Bem-vindo ao nosso blog, um espa\u00e7o onde partilhamos a paix\u00e3o pela madeira e pelo design! Aqui poder\u00e1 acompanhar de perto o nosso trabalho, desde bastidores da produ\u00e7\u00e3o at\u00e9 projetos em desenvolvimento, ideias de decora\u00e7\u00e3o e dicas sobre materiais. Damos destaque a pe\u00e7as por medida, solu\u00e7\u00f5es criativas e hist\u00f3rias que refletem o nosso compromisso com a [&hellip;]","og_url":"https:\/\/fefmoveis.celeumasandbox.pt\/fr\/blog\/","og_site_name":"F &amp; F","article_modified_time":"2025-06-05T09:52:28+00:00","twitter_card":"summary_large_image","twitter_misc":{"Dur\u00e9e de lecture estim\u00e9e":"1 minute"},"schema":{"@context":"https:\/\/schema.org","@graph":[{"@type":"WebPage","@id":"https:\/\/fefmoveis.celeumasandbox.pt\/blog\/","url":"https:\/\/fefmoveis.celeumasandbox.pt\/blog\/","name":"Blog - F &amp; F","isPartOf":{"@id":"https:\/\/fefmoveis.celeumasandbox.pt\/#website"},"datePublished":"2024-12-02T12:15:10+00:00","dateModified":"2025-06-05T09:52:28+00:00","breadcrumb":{"@id":"https:\/\/fefmoveis.celeumasandbox.pt\/blog\/#breadcrumb"},"inLanguage":"fr-FR","potentialAction":[{"@type":"ReadAction","target":["https:\/\/fefmoveis.celeumasandbox.pt\/blog\/"]}]},{"@type":"BreadcrumbList","@id":"https:\/\/fefmoveis.celeumasandbox.pt\/blog\/#breadcrumb","itemListElement":[{"@type":"ListItem","position":1,"name":"In\u00edcio","item":"https:\/\/fefmoveis.celeumasandbox.pt\/"},{"@type":"ListItem","position":2,"name":"Blog"}]},{"@type":"WebSite","@id":"https:\/\/fefmoveis.celeumasandbox.pt\/#website","url":"https:\/\/fefmoveis.celeumasandbox.pt\/","name":"F &amp; F","description":"M\u00f3veis e Interiores","publisher":{"@id":"https:\/\/fefmoveis.celeumasandbox.pt\/#organization"},"potentialAction":[{"@type":"SearchAction","target":{"@type":"EntryPoint","urlTemplate":"https:\/\/fefmoveis.celeumasandbox.pt\/?s={search_term_string}"},"query-input":{"@type":"PropertyValueSpecification","valueRequired":true,"valueName":"search_term_string"}}],"inLanguage":"fr-FR"},{"@type":"Organization","@id":"https:\/\/fefmoveis.celeumasandbox.pt\/#organization","name":"F &amp; F","url":"https:\/\/fefmoveis.celeumasandbox.pt\/","logo":{"@type":"ImageObject","inLanguage":"fr-FR","@id":"https:\/\/fefmoveis.celeumasandbox.pt\/#\/schema\/logo\/image\/","url":"https:\/\/fefmoveis.celeumasandbox.pt\/wp-content\/uploads\/2025\/06\/cropped-Logotipo-scaled-1.jpg","contentUrl":"https:\/\/fefmoveis.celeumasandbox.pt\/wp-content\/uploads\/2025\/06\/cropped-Logotipo-scaled-1.jpg","width":1812,"height":2240,"caption":"F &amp; F"},"image":{"@id":"https:\/\/fefmoveis.celeumasandbox.pt\/#\/schema\/logo\/image\/"}}]}},"_links":{"self":[{"href":"https:\/\/fefmoveis.celeumasandbox.pt\/fr\/wp-json\/wp\/v2\/pages\/1135","targetHints":{"allow":["GET"]}}],"collection":[{"href":"https:\/\/fefmoveis.celeumasandbox.pt\/fr\/wp-json\/wp\/v2\/pages"}],"about":[{"href":"https:\/\/fefmoveis.celeumasandbox.pt\/fr\/wp-json\/wp\/v2\/types\/page"}],"author":[{"embeddable":true,"href":"https:\/\/fefmoveis.celeumasandbox.pt\/fr\/wp-json\/wp\/v2\/users\/2"}],"replies":[{"embeddable":true,"href":"https:\/\/fefmoveis.celeumasandbox.pt\/fr\/wp-json\/wp\/v2\/comments?post=1135"}],"version-history":[{"count":12,"href":"https:\/\/fefmoveis.celeumasandbox.pt\/fr\/wp-json\/wp\/v2\/pages\/1135\/revisions"}],"predecessor-version":[{"id":1905,"href":"https:\/\/fefmoveis.celeumasandbox.pt\/fr\/wp-json\/wp\/v2\/pages\/1135\/revisions\/1905"}],"wp:attachment":[{"href":"https:\/\/fefmoveis.celeumasandbox.pt\/fr\/wp-json\/wp\/v2\/media?parent=1135"}],"curies":[{"name":"wp","href":"https:\/\/api.w.org\/{rel}","templated":true}]}}